{"id":6,"date":"2014-12-11T21:24:19","date_gmt":"2014-12-11T21:24:19","guid":{"rendered":"http:\/\/wp12220645.server-he.ch\/bikeonws2\/?page_id=6"},"modified":"2026-02-13T21:52:21","modified_gmt":"2026-02-13T20:52:21","slug":"ueber-uns","status":"publish","type":"page","link":"http:\/\/www.bike-o-nws.ch\/?page_id=6","title":{"rendered":"\u00dcber uns"},"content":{"rendered":"<h3 class=\"schwarz\"><strong>Vereinsgeschichte<\/strong><\/h3>\n<div id=\"apDiv3\" class=\"schwarz\">Gegr\u00fcndet wurde der Verein Bike-O Nordwestschweiz im Jahr 2008 von ein paar OL-L\u00e4uferInnen und BikerInnen, welche sich zum gemeinsamen Tourenfahren mit dem Bike zusammengeschlossen haben.<br \/>\nDie Freude an der Kombination Biken und OL hat uns dazu bewogen, unseren Verein ins Leben zu rufen. Das Ziel des Vereins ist die F\u00f6rderung des Bike-Orienteerings in der Nordwestschweiz, so m\u00f6chten wir alle 2-3 Jahre einen nationalen Bike-OL in der Region Nordwestschweiz durchf\u00fchren.<\/div>\n<div class=\"schwarz\">&nbsp;<\/div>\n<div class=\"schwarz\">&nbsp;<\/div>\n<h3 class=\"schwarz\"><strong>Was ist Bike-O<\/strong><\/h3>\n<div id=\"apDiv9\" class=\"schwarz\">Mountainbike Orienteering, oder kurz Bike-OL, ist eine spannende Verbindung aus Orientierungslaufen und Mountainbiken. Mit einer Karte ist eine Anzahl Posten in der vorgegebenen Reihenfolge m\u00f6glichst schnell anzufahren.<br \/>\nDie Posten sind einfach zu finden, sie stehen immer an einem Pfad oder Weg. Die Faszination beim Bike-OL liegt darin, die beste und schnellste Route zwischen den einzelnen Posten zu w\u00e4hlen. Wichtig ist noch zu erw\u00e4hnen, dass die Wege und Pfade nicht verlassen werden d\u00fcrfen.<\/div>\n<div class=\"schwarz\">&nbsp;<\/div>\n<div class=\"schwarz\">&nbsp;<\/div>\n<h3 class=\"schwarz\"><strong>Mitglieder<\/strong><\/h3>\n<div id=\"apDiv10\" class=\"schwarz\">Unser Verein besteht zurzeit aus etwa 35 Mitgliedern aller Altersgruppen aus der ganzen Nordwestschweiz. Einige unserer Mitglieder sind langj\u00e4hrige BikerInnen, andere sind erfahrene OL-L\u00e4uferInnen.<\/div>\n<div class=\"schwarz\">&nbsp;<\/div>\n<div class=\"schwarz\">&nbsp;<\/div>\n<h3 class=\"schwarz\"><strong>Trainings \/ Aktivit\u00e4ten<br \/>\n<\/strong><\/h3>\n<div id=\"apDiv11\" class=\"schwarz\">Im Sommerhalbjahr bieten wir monatliche Bike-OL Trainings in der Nordwestschweiz an, sowie einen j\u00e4hrlichen Einsteigerkurs f\u00fcrs Kartenlesen, speziell mit OL Karten. Die Kondition und Ausdauer holen wir auf unseren sonnt\u00e4glichen Biketouren. Diese finden, sofern es die Witterung zul\u00e4sst, das ganze Jahr statt. Im Sommer sind es zwischen 50 und 80 km, im Winter etwa 30 bis 50 Kilometer. Diese Touren f\u00fchren uns in die verschiedensten Ecken der Nordwestschweiz, den s\u00fcdlichen Schwarzwald oder auch ins nahe Elsass.<br \/>\nSelbstverst\u00e4ndlich nehmen wir an diversen Bike-OL Wettk\u00e4mpfen in In- und Ausland teil und als besondere Herausforderung absolvieren einige Mitglieder von uns Bikemarathons.<\/div>\n<div class=\"schwarz\">&nbsp;<\/div>\n<div class=\"schwarz\">&nbsp;<\/div>\n<h3 class=\"schwarz\"><strong>Kontakt<\/strong><\/h3>\n<div id=\"apDiv13\" class=\"schwarz\">Falls Du pers\u00f6nlich mit uns Kontakt aufnehmen m\u00f6chtest oder gar an einer Mitgliedschaft interessiert bist, gibt Dir unser <a href=\"mailto:aw.cw@bluewin.ch\">Pr\u00e4sident<\/a> oder die <a href=\"mailto:k.herzig@bluewin.ch\">technische Leiterin<\/a> gerne weitere Ausk\u00fcnfte.<\/div>\n<div>&nbsp;<\/div>\n<div><span style=\"color: #ffffff;\">a<\/span><\/div>\n<div><span style=\"color: #ffffff;\">a<\/span><\/div>\n<h3><a href=\"http:\/\/www.bike-o-nws.ch\/wp-content\/documents\/Statuten_260130.pdf\" target=\"_blank\" rel=\"noopener\">Statuten<\/a><\/h3>\n<div>\n<h6><a style=\"font-size: 18px;\" href=\"http:\/\/www.bike-o-nws.ch\/wp-content\/documents\/Beitrittsgesuch_2020.pdf\" target=\"_blank\" rel=\"noopener\">Beitrittsgesuch<\/a><\/h6>\n<\/div>\n<div>&nbsp;<\/div>\n<div>&nbsp;<\/div>\n<h3>Bankdaten<\/h3>\n<p>Postfinace:<\/p>\n<p>Konto lautend auf: Bike-O NWS<\/p>\n<p>IBAN Nr. CH30 0900 0000 6068 3800 8<\/p>\n","protected":false},"excerpt":{"rendered":"<p>Vereinsgeschichte Gegr\u00fcndet wurde der Verein Bike-O Nordwestschweiz im Jahr 2008 von ein paar OL-L\u00e4uferInnen und BikerInnen, welche sich zum gemeinsamen Tourenfahren mit dem Bike zusammengeschlossen haben. Die Freude an der Kombination Biken und OL hat uns dazu bewogen, unseren Verein&#8230;<br \/><a class=\"read-more-button\" href=\"http:\/\/www.bike-o-nws.ch\/?page_id=6\">Mehr Lesen<\/a><\/p>\n","protected":false},"author":1,"featured_media":0,"parent":0,"menu_order":0,"comment_status":"closed","ping_status":"open","template":"","meta":{"ngg_post_thumbnail":0,"footnotes":""},"class_list":["post-6","page","type-page","status-publish","hentry"],"_links":{"self":[{"href":"http:\/\/www.bike-o-nws.ch\/index.php?rest_route=\/wp\/v2\/pages\/6","targetHints":{"allow":["GET"]}}],"collection":[{"href":"http:\/\/www.bike-o-nws.ch\/index.php?rest_route=\/wp\/v2\/pages"}],"about":[{"href":"http:\/\/www.bike-o-nws.ch\/index.php?rest_route=\/wp\/v2\/types\/page"}],"author":[{"embeddable":true,"href":"http:\/\/www.bike-o-nws.ch\/index.php?rest_route=\/wp\/v2\/users\/1"}],"replies":[{"embeddable":true,"href":"http:\/\/www.bike-o-nws.ch\/index.php?rest_route=%2Fwp%2Fv2%2Fcomments&post=6"}],"version-history":[{"count":38,"href":"http:\/\/www.bike-o-nws.ch\/index.php?rest_route=\/wp\/v2\/pages\/6\/revisions"}],"predecessor-version":[{"id":6985,"href":"http:\/\/www.bike-o-nws.ch\/index.php?rest_route=\/wp\/v2\/pages\/6\/revisions\/6985"}],"wp:attachment":[{"href":"http:\/\/www.bike-o-nws.ch\/index.php?rest_route=%2Fwp%2Fv2%2Fmedia&parent=6"}],"curies":[{"name":"wp","href":"https:\/\/api.w.org\/{rel}","templated":true}]}}